{"id":1942,"date":"2019-09-06T16:27:06","date_gmt":"2019-09-06T16:27:06","guid":{"rendered":"https:\/\/ehpsolutiondev.wpenginepowered.com\/carrieres\/"},"modified":"2026-03-18T20:55:13","modified_gmt":"2026-03-18T20:55:13","slug":"carrieres","status":"publish","type":"page","link":"https:\/\/ehpricesolutions.ca\/fr\/carrieres\/","title":{"rendered":"Carri\u00e8res"},"content":{"rendered":"\n\n\t<section class=\"section dark\" id=\"section_762524036\">\n\t\t<div class=\"section-bg fill\" >\n\t\t\t<img loading=\"lazy\" decoding=\"async\" width=\"2560\" height=\"1440\" src=\"https:\/\/ehpricesolutions.ca\/wp-content\/uploads\/2023\/09\/AdobeStock_478801437-scaled.jpeg\" class=\"bg attachment- size-\" alt=\"\" \/>\t\t\t\t\t\t<div class=\"section-bg-overlay absolute fill\"><\/div>\n\t\t\t\n\n\t\t<\/div>\n\n\t\t\n\n\t\t<div class=\"section-content relative\">\n\t\t\t\n\n<div class=\"row align-middle align-center\"  id=\"row-519907918\">\n\n\n\t<div id=\"col-1503522497\" class=\"col medium-9 small-12 large-9\"  data-animate=\"fadeInDown\">\n\t\t\t\t<div class=\"col-inner text-center\"  >\n\t\t\t\n\t\t\t\n\n\t<div id=\"text-3849573370\" class=\"text\">\n\t\t\n\n<h1 class=\"uppercase\" style=\"text-align: center;\"><span style=\"font-size: 150%;\"> Rejoignez l\u2019\u00e9quipe derri\u00e8re les solutions <\/span><\/h1>\n<p class=\"p1\" style=\"text-align: center;\">Rejoignez une \u00e9quipe qui op\u00e8re comme une seule entit\u00e9 \u00e0 travers le Canada, forte de plus de 100 ans d\u2019exp\u00e9rience de confiance.<br>Chez E.H. Price Solutions, nous sommes acharn\u00e9s dans notre engagement envers nos clients et intentionnels quant aux partenaires avec lesquels nous travaillons, en choisissant uniquement des fabricants reconnus pour leur qualit\u00e9 et leur fiabilit\u00e9. Nous recherchons des personnes qui souhaitent faire partie de ce standard. <\/p>\n\t\t\n<style>\n#text-3849573370 {\n  color: rgb(255,255,255);\n}\n#text-3849573370 > * {\n  color: rgb(255,255,255);\n}\n<\/style>\n\t<\/div>\n\t\n\n\t\t<\/div>\n\t\t\t\t\n<style>\n#col-1503522497 > .col-inner {\n  padding: 30px 0px 0px 0px;\n}\n<\/style>\n\t<\/div>\n\n\t\n\n\t<div id=\"col-1705770930\" class=\"col small-12 large-12\"  >\n\t\t\t\t<div class=\"col-inner text-center\"  >\n\t\t\t\n\t\t\t\n\n<a href=\"https:\/\/can242.dayforcehcm.com\/CandidatePortal\/en-US\/price\/Site\/EHPrice\" target=\"_blank\" class=\"button white\" rel=\"noopener\" style=\"border-radius:4px;\">\n\t\t<span>TROUVER DES OPPORTUNIT\u00c9S \u00c0 TRAVERS LE CANADA<\/span>\n\t<\/a>\n\n\n<a href=\"mailto:careers@ehpricesolutions.ca\" target=\"_blank\" class=\"button white is-outline\" rel=\"noopener\" style=\"border-radius:4px;\">\n\t\t<span>Envoyez un courriel aux ressources humaines pour postuler<\/span>\n\t<\/a>\n\n\n\n\t\t<\/div>\n\t\t\t\t\t<\/div>\n\n\t\n\n<\/div>\n\n\t\t<\/div>\n\n\t\t\n<style>\n#section_762524036 {\n  padding-top: 30px;\n  padding-bottom: 30px;\n  min-height: 500px;\n}\n#section_762524036 .section-bg-overlay {\n  background-color: rgba(0, 75, 135, 0.744);\n}\n#section_762524036 .section-bg img {\n  object-position: 59% 33%;\n}\n<\/style>\n\t<\/section>\n\t\n\n\t<section class=\"section dark\" id=\"section_1711827720\">\n\t\t<div class=\"section-bg fill\" >\n\t\t\t\t\t\t\t\t\t\n\t\t\t\n\n\t\t<\/div>\n\n\t\t\n\n\t\t<div class=\"section-content relative\">\n\t\t\t\n\n<div class=\"row align-center\"  id=\"row-1000836277\">\n\n\n\t<div id=\"col-37404610\" class=\"col medium-5 small-12 large-5\"  >\n\t\t\t\t<div class=\"col-inner text-center\"  >\n\t\t\t\n\t\t\t\n\n\t<div class=\"img has-hover x md-x lg-x y md-y lg-y\" id=\"image_1554688993\">\n\t\t\t\t\t\t\t\t<div class=\"img-inner dark\" >\n\t\t\t<img decoding=\"async\" src=\"https:\/\/ehpricesolutions.ca\/wp-content\/uploads\/EHPS_Logo_WHITE_v002.svg\" class=\"attachment-original size-original\" alt=\"\" \/>\t\t\t\t\t\t\n\t\t\t\t\t<\/div>\n\t\t\t\t\t\t\t\t\n<style>\n#image_1554688993 {\n  width: 50%;\n}\n<\/style>\n\t<\/div>\n\t\n\n\n\t\t<\/div>\n\t\t\t\t\n<style>\n#col-37404610 > .col-inner {\n  padding: 30px 0px 0px 0px;\n}\n<\/style>\n\t<\/div>\n\n\t\n\n<\/div>\n\t<div id=\"gap-1476818930\" class=\"gap-element clearfix\" style=\"display:block; height:auto;\">\n\t\t\n<style>\n#gap-1476818930 {\n  padding-top: 10px;\n}\n<\/style>\n\t<\/div>\n\t\n\n<div class=\"row row-small row-full-width align-center\"  id=\"row-357802830\">\n\n\n\t<div id=\"col-1222080209\" class=\"col medium-1 small-12 large-1\"  >\n\t\t\t\t<div class=\"col-inner\"  >\n\t\t\t\n\t\t\t\n\n\t<div id=\"text-963395934\" class=\"text\">\n\t\t\n\n<p><a href=\"https:\/\/ehpricesolutions.ca\/fr\/\">ACCUEIL<\/a><\/p>\n\t\t\n<style>\n#text-963395934 {\n  text-align: center;\n}\n<\/style>\n\t<\/div>\n\t\n\n\t\t<\/div>\n\t\t\t\t\n<style>\n#col-1222080209 > .col-inner {\n  margin: 0px 0px -20px 0px;\n}\n<\/style>\n\t<\/div>\n\n\t\n\n\t<div id=\"col-1563993552\" class=\"col medium-1 small-12 large-1\"  >\n\t\t\t\t<div class=\"col-inner\"  >\n\t\t\t\n\t\t\t\n\n\t<div id=\"text-3825864250\" class=\"text\">\n\t\t\n\n<p><a href=\"https:\/\/ehpricesolutions.ca\/fr\/nos-produits\/\">NOS PRODUITS<\/a><\/p>\n\t\t\n<style>\n#text-3825864250 {\n  text-align: center;\n}\n<\/style>\n\t<\/div>\n\t\n\n\t\t<\/div>\n\t\t\t\t\n<style>\n#col-1563993552 > .col-inner {\n  margin: 0px 0px -20px 0px;\n}\n<\/style>\n\t<\/div>\n\n\t\n\n\t<div id=\"col-324035013\" class=\"col medium-1 small-12 large-1\"  >\n\t\t\t\t<div class=\"col-inner\"  >\n\t\t\t\n\t\t\t\n\n\t<div id=\"text-2714750544\" class=\"text\">\n\t\t\n\n<p><a class=\"uppercase\" href=\"https:\/\/ehpricesolutions.ca\/fr\/notre-travail\/\">Nos solutions<\/a><\/p>\n\t\t\n<style>\n#text-2714750544 {\n  text-align: center;\n}\n<\/style>\n\t<\/div>\n\t\n\n\t\t<\/div>\n\t\t\t\t\n<style>\n#col-324035013 > .col-inner {\n  margin: 0px 0px -20px 0px;\n}\n<\/style>\n\t<\/div>\n\n\t\n\n\t<div id=\"col-62838164\" class=\"col medium-1 small-12 large-1\"  >\n\t\t\t\t<div class=\"col-inner\"  >\n\t\t\t\n\t\t\t\n\n\t<div id=\"text-1826960449\" class=\"text\">\n\t\t\n\n<p><a class=\"uppercase\" href=\"https:\/\/ehpricesolutions.ca\/fr\/nos-emplacements\/\">Nos emplacements<\/a><\/p>\n\n\t\t\n<style>\n#text-1826960449 {\n  text-align: center;\n}\n<\/style>\n\t<\/div>\n\t\n\n\t\t<\/div>\n\t\t\t\t\n<style>\n#col-62838164 > .col-inner {\n  margin: 0px 0px -20px 0px;\n}\n<\/style>\n\t<\/div>\n\n\t\n\n\t<div id=\"col-677620469\" class=\"col medium-1 small-12 large-1\"  >\n\t\t\t\t<div class=\"col-inner\"  >\n\t\t\t\n\t\t\t\n\n\t<div id=\"text-1553109160\" class=\"text\">\n\t\t\n\n<p><a class=\"uppercase\" href=\"https:\/\/ehpricesolutions.ca\/fr\/notre-histoire\/\">Notre histoire<\/a><\/p>\n\t\t\n<style>\n#text-1553109160 {\n  text-align: center;\n}\n<\/style>\n\t<\/div>\n\t\n\n\t\t<\/div>\n\t\t\t\t\n<style>\n#col-677620469 > .col-inner {\n  margin: 0px 0px -20px 0px;\n}\n<\/style>\n\t<\/div>\n\n\t\n\n\t<div id=\"col-1364513621\" class=\"col medium-1 small-12 large-1\"  >\n\t\t\t\t<div class=\"col-inner\"  >\n\t\t\t\n\t\t\t\n\n\t<div id=\"text-1533711951\" class=\"text\">\n\t\t\n\n<p><a class=\"uppercase\" href=\"https:\/\/ehpricesolutions.ca\/fr\/notre-impact\/\">Notre IMPACT<\/a><\/p>\n\t\t\n<style>\n#text-1533711951 {\n  text-align: center;\n}\n<\/style>\n\t<\/div>\n\t\n\n\t\t<\/div>\n\t\t\t\t\n<style>\n#col-1364513621 > .col-inner {\n  margin: 0px 0px -20px 0px;\n}\n<\/style>\n\t<\/div>\n\n\t\n\n\t<div id=\"col-1813632748\" class=\"col medium-1 small-12 large-1\"  >\n\t\t\t\t<div class=\"col-inner\"  >\n\t\t\t\n\t\t\t\n\n\t<div id=\"text-2113565990\" class=\"text\">\n\t\t\n\n<p><a class=\"uppercase\" href=\"https:\/\/ehpricesolutions.ca\/fr\/carrieres\/\">Carri\u00e8res<\/a><\/p>\n\t\t\n<style>\n#text-2113565990 {\n  text-align: center;\n}\n<\/style>\n\t<\/div>\n\t\n\n\t\t<\/div>\n\t\t\t\t\n<style>\n#col-1813632748 > .col-inner {\n  margin: 0px 0px -20px 0px;\n}\n@media (min-width:550px) {\n  #col-1813632748 > .col-inner {\n    margin: 0px 0px -20px 0px;\n  }\n}\n<\/style>\n\t<\/div>\n\n\t\n\n\t<div id=\"col-521399971\" class=\"col medium-1 small-12 large-1\"  >\n\t\t\t\t<div class=\"col-inner\"  >\n\t\t\t\n\t\t\t\n\n\t<div id=\"text-681178046\" class=\"text\">\n\t\t\n\n<p style=\"text-align: center;\"><a class=\"uppercase\" href=\"https:\/\/tc.ehpricesolutions.ca\/\">Conditions g\u00e9n\u00e9rales<\/a><\/p>\n\t\t\n<style>\n#text-681178046 {\n  line-height: 1.15;\n}\n<\/style>\n\t<\/div>\n\t\n\n\t\t<\/div>\n\t\t\t\t\n<style>\n#col-521399971 > .col-inner {\n  margin: 0px 0px -20px 0px;\n}\n<\/style>\n\t<\/div>\n\n\t\n\n\t<div id=\"col-2097910377\" class=\"col medium-1 small-12 large-1\"  >\n\t\t\t\t<div class=\"col-inner\"  >\n\t\t\t\n\t\t\t\n\n\t<div id=\"text-2611884615\" class=\"text\">\n\t\t\n\n<p style=\"text-align: center;\"><a class=\"uppercase\" href=\"https:\/\/ehpricesolutions.ca\/wp-content\/uploads\/CodeOfConduct.pdf\" target=\"_blank\">Code de conduite<\/a><\/p>\n\t\t\n<style>\n#text-2611884615 {\n  line-height: 1.15;\n}\n<\/style>\n\t<\/div>\n\t\n\n\t\t<\/div>\n\t\t\t\t\n<style>\n#col-2097910377 > .col-inner {\n  margin: 0px 0px -20px 0px;\n}\n<\/style>\n\t<\/div>\n\n\t\n\n\t<div id=\"col-1886688466\" class=\"col medium-1 small-12 large-1\"  >\n\t\t\t\t<div class=\"col-inner\"  >\n\t\t\t\n\t\t\t\n\n\t<div id=\"text-2560984500\" class=\"text\">\n\t\t\n\n<p style=\"text-align: center;\"><a class=\"uppercase\" href=\"https:\/\/ehpricesolutions.ca\/fr\/politique-daccessibilite\/\">Politique d'accessibilit\u00e9<\/a><\/p>\n\t\t\n<style>\n#text-2560984500 {\n  line-height: 1.15;\n}\n<\/style>\n\t<\/div>\n\t\n\n\t\t<\/div>\n\t\t\t\t\n<style>\n#col-1886688466 > .col-inner {\n  margin: 0px 0px -20px 0px;\n}\n<\/style>\n\t<\/div>\n\n\t\n\n\t<div id=\"col-2039886082\" class=\"col medium-1 small-12 large-1\"  >\n\t\t\t\t<div class=\"col-inner\"  >\n\t\t\t\n\t\t\t\n\n\t<div id=\"text-1488016278\" class=\"text\">\n\t\t\n\n<p style=\"text-align: center;\"><a class=\"uppercase\" href=\"https:\/\/ehpricesolutions.ca\/fr\/participation-au-concours-detudes-de-cas\/\">Concours d\u2019\u00e9tudes de cas<\/a><\/p>\n\t\t\n<style>\n#text-1488016278 {\n  line-height: 1.15;\n}\n<\/style>\n\t<\/div>\n\t\n\n\t\t<\/div>\n\t\t\t\t\n<style>\n#col-2039886082 > .col-inner {\n  margin: 0px 0px -20px 0px;\n}\n<\/style>\n\t<\/div>\n\n\t\n\n<\/div>\n<div class=\"row\"  id=\"row-984337881\">\n\n\n\t<div id=\"col-1958776835\" class=\"col large-12\"  >\n\t\t\t\t<div class=\"col-inner\"  >\n\t\t\t\n\t\t\t\n\n\t<div id=\"text-3715231089\" class=\"text\">\n\t\t\n\n<p>\u00a9 2025 E.H. Price Solutions L.P. Tous droits r\u00e9serv\u00e9s.<\/p>\n\t\t\n<style>\n#text-3715231089 {\n  text-align: center;\n  color: rgb(255,255,255);\n}\n#text-3715231089 > * {\n  color: rgb(255,255,255);\n}\n<\/style>\n\t<\/div>\n\t\n\n\t\t<\/div>\n\t\t\t\t\n<style>\n#col-1958776835 > .col-inner {\n  margin: 20px 0px -30px 0px;\n}\n<\/style>\n\t<\/div>\n\n\t\n\n<\/div>\n\n\t\t<\/div>\n\n\t\t\n<style>\n#section_1711827720 {\n  padding-top: 0px;\n  padding-bottom: 0px;\n  background-color: rgb(47, 47, 47);\n}\n<\/style>\n\t<\/section>\n\t\n\n\n","protected":false},"excerpt":{"rendered":"","protected":false},"author":2,"featured_media":0,"parent":0,"menu_order":0,"comment_status":"closed","ping_status":"closed","template":"page-blank.php","meta":{"_acf_changed":false,"_monsterinsights_skip_tracking":false,"_monsterinsights_sitenote_active":false,"_monsterinsights_sitenote_note":"","_monsterinsights_sitenote_category":0,"footnotes":""},"class_list":["post-1942","page","type-page","status-publish","hentry"],"yoast_head":"<!-- This site is optimized with the Yoast SEO plugin v27.4 - https:\/\/yoast.com\/product\/yoast-seo-wordpress\/ -->\n<title>Carri\u00e8res - E.H. Price Solutions<\/title>\n<meta name=\"description\" content=\"Chez E.H. Price, nous savons que le succ\u00e8s d&#039;une entreprise est d\u00e9termin\u00e9 par ses employ\u00e9s. Nous valorisons nos employ\u00e9s et sommes toujours \u00e0 la recherche de personnes talentueuses et comp\u00e9tentes pour rejoindre notre \u00e9quipe.\" \/>\n<meta name=\"robots\" content=\"index, follow, max-snippet:-1, max-image-preview:large, max-video-preview:-1\" \/>\n<link rel=\"canonical\" href=\"https:\/\/ehpricesolutions.ca\/fr\/carrieres\/\" \/>\n<meta property=\"og:locale\" content=\"fr_FR\" \/>\n<meta property=\"og:type\" content=\"article\" \/>\n<meta property=\"og:title\" content=\"Carri\u00e8res - E.H. Price Solutions\" \/>\n<meta property=\"og:description\" content=\"Chez E.H. Price, nous savons que le succ\u00e8s d&#039;une entreprise est d\u00e9termin\u00e9 par ses employ\u00e9s. Nous valorisons nos employ\u00e9s et sommes toujours \u00e0 la recherche de personnes talentueuses et comp\u00e9tentes pour rejoindre notre \u00e9quipe.\" \/>\n<meta property=\"og:url\" content=\"https:\/\/ehpricesolutions.ca\/fr\/carrieres\/\" \/>\n<meta property=\"og:site_name\" content=\"E.H. Price Solutions\" \/>\n<meta property=\"article:modified_time\" content=\"2026-03-18T20:55:13+00:00\" \/>\n<meta name=\"twitter:card\" content=\"summary_large_image\" \/>\n<meta name=\"twitter:label1\" content=\"Dur\u00e9e de lecture estim\u00e9e\" \/>\n\t<meta name=\"twitter:data1\" content=\"1 minute\" \/>\n<script type=\"application\/ld+json\" class=\"yoast-schema-graph\">{\"@context\":\"https:\\\/\\\/schema.org\",\"@graph\":[{\"@type\":\"WebPage\",\"@id\":\"https:\\\/\\\/ehpricesolutions.ca\\\/fr\\\/carrieres\\\/\",\"url\":\"https:\\\/\\\/ehpricesolutions.ca\\\/fr\\\/carrieres\\\/\",\"name\":\"Carri\u00e8res - E.H. Price Solutions\",\"isPartOf\":{\"@id\":\"https:\\\/\\\/ehpricesolutions.ca\\\/fr\\\/#website\"},\"datePublished\":\"2019-09-06T16:27:06+00:00\",\"dateModified\":\"2026-03-18T20:55:13+00:00\",\"description\":\"Chez E.H. Price, nous savons que le succ\u00e8s d'une entreprise est d\u00e9termin\u00e9 par ses employ\u00e9s. Nous valorisons nos employ\u00e9s et sommes toujours \u00e0 la recherche de personnes talentueuses et comp\u00e9tentes pour rejoindre notre \u00e9quipe.\",\"breadcrumb\":{\"@id\":\"https:\\\/\\\/ehpricesolutions.ca\\\/fr\\\/carrieres\\\/#breadcrumb\"},\"inLanguage\":\"fr-FR\",\"potentialAction\":[{\"@type\":\"ReadAction\",\"target\":[\"https:\\\/\\\/ehpricesolutions.ca\\\/fr\\\/carrieres\\\/\"]}]},{\"@type\":\"BreadcrumbList\",\"@id\":\"https:\\\/\\\/ehpricesolutions.ca\\\/fr\\\/carrieres\\\/#breadcrumb\",\"itemListElement\":[{\"@type\":\"ListItem\",\"position\":1,\"name\":\"Home\",\"item\":\"https:\\\/\\\/ehpricesolutions.ca\\\/fr\\\/accueil\\\/\"},{\"@type\":\"ListItem\",\"position\":2,\"name\":\"Carri\u00e8res\"}]},{\"@type\":\"WebSite\",\"@id\":\"https:\\\/\\\/ehpricesolutions.ca\\\/fr\\\/#website\",\"url\":\"https:\\\/\\\/ehpricesolutions.ca\\\/fr\\\/\",\"name\":\"E.H. Price Solutions\",\"description\":\"Canadian market leader for HVAC solutions\",\"potentialAction\":[{\"@type\":\"SearchAction\",\"target\":{\"@type\":\"EntryPoint\",\"urlTemplate\":\"https:\\\/\\\/ehpricesolutions.ca\\\/fr\\\/?s={search_term_string}\"},\"query-input\":{\"@type\":\"PropertyValueSpecification\",\"valueRequired\":true,\"valueName\":\"search_term_string\"}}],\"inLanguage\":\"fr-FR\"}]}<\/script>\n<!-- \/ Yoast SEO plugin. -->","yoast_head_json":{"title":"Carri\u00e8res - E.H. Price Solutions","description":"Chez E.H. Price, nous savons que le succ\u00e8s d'une entreprise est d\u00e9termin\u00e9 par ses employ\u00e9s. Nous valorisons nos employ\u00e9s et sommes toujours \u00e0 la recherche de personnes talentueuses et comp\u00e9tentes pour rejoindre notre \u00e9quipe.","robots":{"index":"index","follow":"follow","max-snippet":"max-snippet:-1","max-image-preview":"max-image-preview:large","max-video-preview":"max-video-preview:-1"},"canonical":"https:\/\/ehpricesolutions.ca\/fr\/carrieres\/","og_locale":"fr_FR","og_type":"article","og_title":"Carri\u00e8res - E.H. Price Solutions","og_description":"Chez E.H. Price, nous savons que le succ\u00e8s d'une entreprise est d\u00e9termin\u00e9 par ses employ\u00e9s. Nous valorisons nos employ\u00e9s et sommes toujours \u00e0 la recherche de personnes talentueuses et comp\u00e9tentes pour rejoindre notre \u00e9quipe.","og_url":"https:\/\/ehpricesolutions.ca\/fr\/carrieres\/","og_site_name":"E.H. Price Solutions","article_modified_time":"2026-03-18T20:55:13+00:00","twitter_card":"summary_large_image","twitter_misc":{"Dur\u00e9e de lecture estim\u00e9e":"1 minute"},"schema":{"@context":"https:\/\/schema.org","@graph":[{"@type":"WebPage","@id":"https:\/\/ehpricesolutions.ca\/fr\/carrieres\/","url":"https:\/\/ehpricesolutions.ca\/fr\/carrieres\/","name":"Carri\u00e8res - E.H. Price Solutions","isPartOf":{"@id":"https:\/\/ehpricesolutions.ca\/fr\/#website"},"datePublished":"2019-09-06T16:27:06+00:00","dateModified":"2026-03-18T20:55:13+00:00","description":"Chez E.H. Price, nous savons que le succ\u00e8s d'une entreprise est d\u00e9termin\u00e9 par ses employ\u00e9s. Nous valorisons nos employ\u00e9s et sommes toujours \u00e0 la recherche de personnes talentueuses et comp\u00e9tentes pour rejoindre notre \u00e9quipe.","breadcrumb":{"@id":"https:\/\/ehpricesolutions.ca\/fr\/carrieres\/#breadcrumb"},"inLanguage":"fr-FR","potentialAction":[{"@type":"ReadAction","target":["https:\/\/ehpricesolutions.ca\/fr\/carrieres\/"]}]},{"@type":"BreadcrumbList","@id":"https:\/\/ehpricesolutions.ca\/fr\/carrieres\/#breadcrumb","itemListElement":[{"@type":"ListItem","position":1,"name":"Home","item":"https:\/\/ehpricesolutions.ca\/fr\/accueil\/"},{"@type":"ListItem","position":2,"name":"Carri\u00e8res"}]},{"@type":"WebSite","@id":"https:\/\/ehpricesolutions.ca\/fr\/#website","url":"https:\/\/ehpricesolutions.ca\/fr\/","name":"E.H. Price Solutions","description":"Canadian market leader for HVAC solutions","potentialAction":[{"@type":"SearchAction","target":{"@type":"EntryPoint","urlTemplate":"https:\/\/ehpricesolutions.ca\/fr\/?s={search_term_string}"},"query-input":{"@type":"PropertyValueSpecification","valueRequired":true,"valueName":"search_term_string"}}],"inLanguage":"fr-FR"}]}},"acf":[],"_links":{"self":[{"href":"https:\/\/ehpricesolutions.ca\/fr\/wp-json\/wp\/v2\/pages\/1942","targetHints":{"allow":["GET"]}}],"collection":[{"href":"https:\/\/ehpricesolutions.ca\/fr\/wp-json\/wp\/v2\/pages"}],"about":[{"href":"https:\/\/ehpricesolutions.ca\/fr\/wp-json\/wp\/v2\/types\/page"}],"author":[{"embeddable":true,"href":"https:\/\/ehpricesolutions.ca\/fr\/wp-json\/wp\/v2\/users\/2"}],"replies":[{"embeddable":true,"href":"https:\/\/ehpricesolutions.ca\/fr\/wp-json\/wp\/v2\/comments?post=1942"}],"version-history":[{"count":0,"href":"https:\/\/ehpricesolutions.ca\/fr\/wp-json\/wp\/v2\/pages\/1942\/revisions"}],"wp:attachment":[{"href":"https:\/\/ehpricesolutions.ca\/fr\/wp-json\/wp\/v2\/media?parent=1942"}],"curies":[{"name":"wp","href":"https:\/\/api.w.org\/{rel}","templated":true}]}}