{"id":1892,"date":"2025-09-05T18:17:47","date_gmt":"2025-09-05T18:17:47","guid":{"rendered":"https:\/\/ehpsolutiondev.wpenginepowered.com\/demande-de-pieces-cvc-formulaire\/"},"modified":"2025-10-06T19:00:06","modified_gmt":"2025-10-06T19:00:06","slug":"demande-de-pieces-cvc-formulaire","status":"publish","type":"page","link":"https:\/\/ehpricesolutions.ca\/fr\/demande-de-pieces-cvc-formulaire\/","title":{"rendered":"Demande de pi\u00e8ces"},"content":{"rendered":"\n<div class=\"row\"  id=\"row-1660388266\">\n\n\n\t<div id=\"col-745873050\" class=\"col small-12 large-12\"  >\n\t\t\t\t<div class=\"col-inner\"  >\n\t\t\t\n\t\t\t\n\n\t<div id=\"text-2166251663\" class=\"text hidden\">\n\t\t\n\n<h1 class=\"formName\">Demande de devis \/ commande de pi\u00e8ces \/ formation<\/h1>\n\t\t\n<style>\n#text-2166251663 {\n  color: #cb2c30;\n}\n#text-2166251663 > * {\n  color: #cb2c30;\n}\n<\/style>\n\t<\/div>\n\t\n\t<div id=\"text-1729528401\" class=\"text hidden\">\n\t\t\n\n<p>Veuillez fournir autant de d\u00e9tails que possible afin que nous puissions traiter votre demande de devis, votre commande de pi\u00e8ces ou votre r\u00e9servation pour une formation en usine. Si vous \u00eates pr\u00eat \u00e0 commander, veuillez indiquer votre num\u00e9ro de bon de commande et l&rsquo;adresse de livraison dans la section Message de demande de devis ci-dessous.<\/p>\n[wpforms id=\u00a0\u00bb1675&Prime;]\n\t\t\t<\/div>\n\t\n\n\n<iframe loading=\"lazy\" class=\"airtable-embed\" style=\"background: transparent; border: 1px solid #ccc; overflow: hidden;\" src=\"https:\/\/airtable.com\/embed\/shrodDo4oWNWAUQSh?backgroundColor=orange\" width=\"100%\" height=\"2000\" frameborder=\"0\"><\/iframe>\n\n\n\t\t<\/div>\n\t\t\t\t\n<style>\n#col-745873050 > .col-inner {\n  padding: 50px 0px 0px 0px;\n}\n<\/style>\n\t<\/div>\n\n\t\n\n<\/div>\n\n","protected":false},"excerpt":{"rendered":"","protected":false},"author":9,"featured_media":0,"parent":0,"menu_order":0,"comment_status":"closed","ping_status":"closed","template":"page-blank.php","meta":{"_acf_changed":false,"_monsterinsights_skip_tracking":false,"_monsterinsights_sitenote_active":false,"_monsterinsights_sitenote_note":"","_monsterinsights_sitenote_category":0,"footnotes":""},"class_list":["post-1892","page","type-page","status-publish","hentry"],"yoast_head":"<!-- This site is optimized with the Yoast SEO plugin v27.4 - https:\/\/yoast.com\/product\/yoast-seo-wordpress\/ -->\n<title>Demande de pi\u00e8ces - E.H. Price Solutions<\/title>\n<meta name=\"robots\" content=\"index, follow, max-snippet:-1, max-image-preview:large, max-video-preview:-1\" \/>\n<link rel=\"canonical\" href=\"https:\/\/ehpricesolutions.ca\/fr\/demande-de-pieces-cvc-formulaire\/\" \/>\n<meta property=\"og:locale\" content=\"fr_FR\" \/>\n<meta property=\"og:type\" content=\"article\" \/>\n<meta property=\"og:title\" content=\"Demande de pi\u00e8ces - E.H. Price Solutions\" \/>\n<meta property=\"og:url\" content=\"https:\/\/ehpricesolutions.ca\/fr\/demande-de-pieces-cvc-formulaire\/\" \/>\n<meta property=\"og:site_name\" content=\"E.H. Price Solutions\" \/>\n<meta property=\"article:modified_time\" content=\"2025-10-06T19:00:06+00:00\" \/>\n<meta name=\"twitter:card\" content=\"summary_large_image\" \/>\n<meta name=\"twitter:label1\" content=\"Dur\u00e9e de lecture estim\u00e9e\" \/>\n\t<meta name=\"twitter:data1\" content=\"1 minute\" \/>\n<script type=\"application\/ld+json\" class=\"yoast-schema-graph\">{\"@context\":\"https:\\\/\\\/schema.org\",\"@graph\":[{\"@type\":\"WebPage\",\"@id\":\"https:\\\/\\\/ehpricesolutions.ca\\\/fr\\\/demande-de-pieces-cvc-formulaire\\\/\",\"url\":\"https:\\\/\\\/ehpricesolutions.ca\\\/fr\\\/demande-de-pieces-cvc-formulaire\\\/\",\"name\":\"Demande de pi\u00e8ces - E.H. Price Solutions\",\"isPartOf\":{\"@id\":\"https:\\\/\\\/ehpricesolutions.ca\\\/fr\\\/#website\"},\"datePublished\":\"2025-09-05T18:17:47+00:00\",\"dateModified\":\"2025-10-06T19:00:06+00:00\",\"breadcrumb\":{\"@id\":\"https:\\\/\\\/ehpricesolutions.ca\\\/fr\\\/demande-de-pieces-cvc-formulaire\\\/#breadcrumb\"},\"inLanguage\":\"fr-FR\",\"potentialAction\":[{\"@type\":\"ReadAction\",\"target\":[\"https:\\\/\\\/ehpricesolutions.ca\\\/fr\\\/demande-de-pieces-cvc-formulaire\\\/\"]}]},{\"@type\":\"BreadcrumbList\",\"@id\":\"https:\\\/\\\/ehpricesolutions.ca\\\/fr\\\/demande-de-pieces-cvc-formulaire\\\/#breadcrumb\",\"itemListElement\":[{\"@type\":\"ListItem\",\"position\":1,\"name\":\"Home\",\"item\":\"https:\\\/\\\/ehpricesolutions.ca\\\/fr\\\/accueil\\\/\"},{\"@type\":\"ListItem\",\"position\":2,\"name\":\"Demande de pi\u00e8ces\"}]},{\"@type\":\"WebSite\",\"@id\":\"https:\\\/\\\/ehpricesolutions.ca\\\/fr\\\/#website\",\"url\":\"https:\\\/\\\/ehpricesolutions.ca\\\/fr\\\/\",\"name\":\"E.H. Price Solutions\",\"description\":\"Canadian market leader for HVAC solutions\",\"potentialAction\":[{\"@type\":\"SearchAction\",\"target\":{\"@type\":\"EntryPoint\",\"urlTemplate\":\"https:\\\/\\\/ehpricesolutions.ca\\\/fr\\\/?s={search_term_string}\"},\"query-input\":{\"@type\":\"PropertyValueSpecification\",\"valueRequired\":true,\"valueName\":\"search_term_string\"}}],\"inLanguage\":\"fr-FR\"}]}<\/script>\n<!-- \/ Yoast SEO plugin. -->","yoast_head_json":{"title":"Demande de pi\u00e8ces - E.H. Price Solutions","robots":{"index":"index","follow":"follow","max-snippet":"max-snippet:-1","max-image-preview":"max-image-preview:large","max-video-preview":"max-video-preview:-1"},"canonical":"https:\/\/ehpricesolutions.ca\/fr\/demande-de-pieces-cvc-formulaire\/","og_locale":"fr_FR","og_type":"article","og_title":"Demande de pi\u00e8ces - E.H. Price Solutions","og_url":"https:\/\/ehpricesolutions.ca\/fr\/demande-de-pieces-cvc-formulaire\/","og_site_name":"E.H. Price Solutions","article_modified_time":"2025-10-06T19:00:06+00:00","twitter_card":"summary_large_image","twitter_misc":{"Dur\u00e9e de lecture estim\u00e9e":"1 minute"},"schema":{"@context":"https:\/\/schema.org","@graph":[{"@type":"WebPage","@id":"https:\/\/ehpricesolutions.ca\/fr\/demande-de-pieces-cvc-formulaire\/","url":"https:\/\/ehpricesolutions.ca\/fr\/demande-de-pieces-cvc-formulaire\/","name":"Demande de pi\u00e8ces - E.H. Price Solutions","isPartOf":{"@id":"https:\/\/ehpricesolutions.ca\/fr\/#website"},"datePublished":"2025-09-05T18:17:47+00:00","dateModified":"2025-10-06T19:00:06+00:00","breadcrumb":{"@id":"https:\/\/ehpricesolutions.ca\/fr\/demande-de-pieces-cvc-formulaire\/#breadcrumb"},"inLanguage":"fr-FR","potentialAction":[{"@type":"ReadAction","target":["https:\/\/ehpricesolutions.ca\/fr\/demande-de-pieces-cvc-formulaire\/"]}]},{"@type":"BreadcrumbList","@id":"https:\/\/ehpricesolutions.ca\/fr\/demande-de-pieces-cvc-formulaire\/#breadcrumb","itemListElement":[{"@type":"ListItem","position":1,"name":"Home","item":"https:\/\/ehpricesolutions.ca\/fr\/accueil\/"},{"@type":"ListItem","position":2,"name":"Demande de pi\u00e8ces"}]},{"@type":"WebSite","@id":"https:\/\/ehpricesolutions.ca\/fr\/#website","url":"https:\/\/ehpricesolutions.ca\/fr\/","name":"E.H. Price Solutions","description":"Canadian market leader for HVAC solutions","potentialAction":[{"@type":"SearchAction","target":{"@type":"EntryPoint","urlTemplate":"https:\/\/ehpricesolutions.ca\/fr\/?s={search_term_string}"},"query-input":{"@type":"PropertyValueSpecification","valueRequired":true,"valueName":"search_term_string"}}],"inLanguage":"fr-FR"}]}},"acf":[],"_links":{"self":[{"href":"https:\/\/ehpricesolutions.ca\/fr\/wp-json\/wp\/v2\/pages\/1892","targetHints":{"allow":["GET"]}}],"collection":[{"href":"https:\/\/ehpricesolutions.ca\/fr\/wp-json\/wp\/v2\/pages"}],"about":[{"href":"https:\/\/ehpricesolutions.ca\/fr\/wp-json\/wp\/v2\/types\/page"}],"author":[{"embeddable":true,"href":"https:\/\/ehpricesolutions.ca\/fr\/wp-json\/wp\/v2\/users\/9"}],"replies":[{"embeddable":true,"href":"https:\/\/ehpricesolutions.ca\/fr\/wp-json\/wp\/v2\/comments?post=1892"}],"version-history":[{"count":0,"href":"https:\/\/ehpricesolutions.ca\/fr\/wp-json\/wp\/v2\/pages\/1892\/revisions"}],"wp:attachment":[{"href":"https:\/\/ehpricesolutions.ca\/fr\/wp-json\/wp\/v2\/media?parent=1892"}],"curies":[{"name":"wp","href":"https:\/\/api.w.org\/{rel}","templated":true}]}}