{"id":1886,"date":"2025-08-15T18:31:54","date_gmt":"2025-08-15T18:31:54","guid":{"rendered":"https:\/\/ehpsolutiondev.wpenginepowered.com\/quebec\/"},"modified":"2026-04-14T19:58:43","modified_gmt":"2026-04-14T19:58:43","slug":"quebec","status":"publish","type":"page","link":"https:\/\/ehpricesolutions.ca\/fr\/nos-emplacements\/quebec\/","title":{"rendered":"Qu\u00e9bec"},"content":{"rendered":"\n<style type=\"text\/css\">\n\t.mpfy-tooltip.mpfy-tooltip-map-1584,\n\t.mpfy-tooltip.mpfy-tooltip-map-1584 p,\n\t.mpfy-tooltip.mpfy-tooltip-map-1584 p strong,\n\t.mpfy-tooltip.mpfy-tooltip-map-1584 .mpfy-tooptip-actions a { color: #525252; }\n\t.mpfy-map-id-1584 .mpfy-mll-location .mpfy-mll-l-buttons a:first-child {\n\t\tbackground-color: #61849c;\n\t\tcolor: #ffffff;\n\t}\n\t.mpfy-map-id-1584 .mpfy-mll-location .mpfy-mll-l-buttons a + a {\n\t\tbackground-color: #d2845b;\n\t\tcolor: #ffffff;\n\t}\n\t.mpfy-map-id-1584 .mpfy-mll-location .mpfy-mll-l-buttons a:first-child:hover,\n\t.mpfy-map-id-1584 .mpfy-mll-location .mpfy-mll-l-buttons a + a:hover {\n\t\tbackground-color: #ffffff;\n\t\tcolor: #000000;\n\t}\n<\/style>\n\n<div id=\"mpfy-map-0\" class=\"mpfy-container mpfy-map-id-1584\" data-attrs=\"{&quot;no_search_results&quot;:&quot;&lt;p&gt;No locations were found.&lt;br \\\/&gt;Please search again.&lt;\\\/p&gt;&quot;,&quot;no_search_results_with_closest&quot;:&quot;&lt;p&gt;No locations were found within your search criteria. Please search again.&lt;\\\/p&gt;&lt;p class=\\&quot;mpfy-or-text\\&quot;&gt;Or ... &lt;a href=\\&quot;#\\&quot; class=\\&quot;mpfy-closest-pin\\&quot;&gt;See the Closest Location&lt;\\\/a&gt;&lt;\\\/p&gt;&quot;,&quot;search_geolocation_failure&quot;:&quot;&lt;p&gt;Could not find the entered address.&lt;br \\\/&gt;Please check your spelling and try again.&lt;\\\/p&gt;&quot;}\" data-proprietary=\"[]\">\n\t\n\t\n\t<div class=\"mpfy-controls-wrap\">\n\t\t<div class=\"mpfy-controls mpfy-without-dropdown\">\n\t\t\t<form class=\"mpfy-search-form\" method=\"post\" action=\"\" autocomplete=\"off\" style=\"\">\n\t\t\t\t<div class=\"mpfy-search-wrap\">\n\n\t\t\t\t\t\n\t<div class=\"mpfy-search-radius\">\n\t\t<div class=\"mpfy-search-radius-label\">Dans un rayon de<\/div>\n\t\t<div class=\"mpfy-selecter-wrap mpfy-search-radius-type-wrap\">\n\t\t\t<select name=\"mpfy_search_radius_type\">\n\t\t\t\t<option value=\"any_within\">N&#039;importe lequel dans un rayon de<\/option>\n\t\t\t\t<option value=\"all_within\">Tous dans un rayon de<\/option>\n\t\t\t<\/select>\n\t\t<\/div>\n\t\t<div class=\"mpfy-selecter-wrap\">\n\t\t\t<select name=\"mpfy_search_radius\">\n\t\t\t\t\t\t\t\t\t<option value=\"5\">5 km<\/option>\n\t\t\t\t\t\t\t\t\t<option value=\"10\">10 km<\/option>\n\t\t\t\t\t\t\t\t\t<option value=\"25\">25 km<\/option>\n\t\t\t\t\t\t\t\t\t<option value=\"50\">50 km<\/option>\n\t\t\t\t\t\t\t\t\t<option value=\"100\">100 km<\/option>\n\t\t\t\t\t\t\t\t\t<option value=\"500\">500 km<\/option>\n\t\t\t\t\t\t\t<\/select>\n\t\t<\/div>\n\t\t<div class=\"mpfy-after-search-radius-label\">de<\/div>\n\t<\/div>\n\t\t\n\n\t\t\t\t\t<div class=\"mpfy-search-field\">\n\n\t\t\t\t\t\t\t\t\t\t\t\t\t<div class=\"mpfy-after-search-radius-label\">de<\/div>\n\t\t\t\t\t\t\n\t\t\t\t\t\t<div class=\"mpfy-search-field-queries\">\n\t\t\t\t\t\t\t<a href=\"javascript:;\" class=\"mpfy-search-field-dropdown-toggle\"><\/a>\n\t\t\t\t\t\t\t<div class=\"mpfy-search-field-multiple-label\">(Multiple)<\/div>\n\t\t\t\t\t\t\t<div class=\"mpfy-search-field-item\">\n\t\t\t\t\t\t\t\t<input type=\"search\" class=\"mpfy-search-input\" autocomplete=\"off\" value=\"\" placeholder=\"Entrez l&#039;emplacement..\" \/>\n\t\t\t\t\t\t\t\t<a href=\"javascript:;\" class=\"mpfy-search-field-add-item\">+<\/a>\n\t\t\t\t\t\t\t<\/div>\n\t\t\t\t\t\t<\/div>\n\n\t\t\t\t\t\t<div class=\"mpfy-reset-search-button\" aria-label=\"Reset the search\" data-microtip-position=\"bottom-left\" role=\"tooltip\"><\/div>\n\t\t\t\t\t\t<div class=\"mpfy-search-button\" aria-label=\"Please insert your desired search keywords (minimum 3 characters) to begin the search\" data-microtip-position=\"bottom-left\" data-microtip-size=\"large\" role=\"tooltip\"><\/div>\n\t\t\t\t\t<\/div>\t\t\t\t\t\n\t\t\t\t\t\n\t\t\t\t<\/div>\n\t\t\t<\/form>\n\n\t\t\t<div class=\"mpfy-filter mpfy-selecter-wrap\" style=\"display: none;\">\n\t\t\t\t<select name=\"mpfy_tag\" class=\"mpfy-tag-select\">\n\t\t\t\t\t<option value=\"0\">Vue par d\u00e9faut<\/option>\n\n\t\t\t\t\t\t\t\t\t\n\t\t\t\t<\/select>\n\t\t\t<\/div>\n\t\t<\/div>\n\t<\/div>\n\n\t<div class=\"mpfy-map-canvas-shell-outer mpfy-mode-map with-controls\">\n\t\t<div style=\"display: none;\">\n\t\t\n\t\t\t\n\t\t<\/div>\n\n\t\t<div class=\"mpfy-map-canvas-shell\">\n\t\t\t<div id=\"mpfy-canvas-0\" class=\"mpfy-map-canvas\" style=\"overflow: hidden; height: 400px\"><\/div>\n\t\t\t<div class=\"mpfy-map-controls\">\n\n\t\t\t\t\n\t\t\t\t\t<div class=\"mpfy-map-current-location\">\n\t\t\t\t\t\t<div class=\"mpfy-map-current-location-tooptip\">\n\t\t\t\t\t\t\t<p>Afficher ma position<\/p>\n\t\t\t\t\t\t<\/div><!-- \/.mpfy-map-current-location-tooptip -->\n\n\t\t\t\t\t\t<a href=\"#\"class=\"mpfy-map-current-location-icon mpfy-geolocate\"><\/a>\n\t\t\t\t\t<\/div><!-- \/.mpfy-map-current-location -->\n\n\t\t\t\t\n\t\t\t\t\n\t\t\t\t\t<div class=\"mpfy-zoom\">\n\t\t\t\t\t\t<a href=\"#\" class=\"mpfy-zoom-in\"><\/a>\n\t\t\t\t\t\t<a href=\"#\" class=\"mpfy-zoom-out\"><\/a>\n\t\t\t\t\t<\/div><!-- \/.mpfy-zoom -->\n\n\t\t\t\t\n\t\t\t<\/div><!-- \/.mpfy-map-controls -->\n\t\t<\/div>\n\n\t\t\n\t\t\t<div class=\"mpfy-tags-list\">\n\t\t\t\t<div class=\"cl\">&nbsp;<\/div>\n\t\t\t\t<a href=\"#\" class=\"mpfy-tl-item tag-all\" data-mapify-map-id=\"1584\" data-mapify-action=\"toggleMapTag\" data-mapify-value=\"0\">\n\t\t\t\t\t<span class=\"mpfy-tl-i-icon\">\n\t\t\t\t\t\t<span class=\"mpfy-tl-i-icon-default\"><\/span>\n\t\t\t\t\t<\/span>\n\n\t\t\t\t\t<em>\n\t\t\t\t\t\tVue par d\u00e9faut\t\t\t\t\t<\/em>\n\t\t\t\t<\/a>\n\n\t\t\t\t\n\t\t\t\t<div class=\"cl\">&nbsp;<\/div>\n\t\t\t<\/div>\n\n\t\t\n\t\t\t<\/div>\n\n\t\n<\/div>\n\n\n\t<section class=\"section\" id=\"section_1120038842\">\n\t\t<div class=\"section-bg fill\" >\n\t\t\t\t\t\t\t\t\t<div class=\"section-bg-overlay absolute fill\"><\/div>\n\t\t\t\n\n\t\t<\/div>\n\n\t\t\n\n\t\t<div class=\"section-content relative\">\n\t\t\t\n\n<div class=\"row row-collapse align-center\"  id=\"row-937226524\">\n\n\n\t<div id=\"col-282962412\" class=\"col small-12 large-12\"  >\n\t\t\t\t<div class=\"col-inner text-center\"  >\n\t\t\t\n\t\t\t\n\n\t<div id=\"text-3038114428\" class=\"text\">\n\t\t\n\n<h1>Qu\u00e9bec<\/h1>\n\t\t\n<style>\n#text-3038114428 {\n  text-align: left;\n  color: rgb(255, 255, 255);\n}\n#text-3038114428 > * {\n  color: rgb(255, 255, 255);\n}\n<\/style>\n\t<\/div>\n\t\n\n\t\t<\/div>\n\t\t\t\t\n<style>\n#col-282962412 > .col-inner {\n  padding: 15px 0px 5px 0px;\n}\n<\/style>\n\t<\/div>\n\n\t\n\n<\/div>\n\n\t\t<\/div>\n\n\t\t\n<style>\n#section_1120038842 {\n  padding-top: 0px;\n  padding-bottom: 0px;\n  background-color: rgb(192, 19, 19);\n}\n#section_1120038842 .section-bg-overlay {\n  background-color: rgba(255, 255, 255, 0);\n}\n<\/style>\n\t<\/section>\n\t\n\n\t<section class=\"section\" id=\"section_1242514202\">\n\t\t<div class=\"section-bg fill\" >\n\t\t\t\t\t\t\t\t\t\n\t\t\t\n\n\t\t<\/div>\n\n\t\t\n\n\t\t<div class=\"section-content relative\">\n\t\t\t\n\n<div class=\"row\"  id=\"row-2032953284\">\n\n\n\t<div id=\"col-413187714\" class=\"col medium-4 small-12 large-4\"  >\n\t\t\t\t<div class=\"col-inner\"  >\n\t\t\t\n\t\t\t\n\n\t<div id=\"text-3943964884\" class=\"text\">\n\t\t\n\n<h5>LAVAL<\/h5>\n<p>4645 rue Louis-B.-Mayer<br>Laval, Qu\u00e9bec, H7P 6G5<br>T\u00e9l. : 514.334.9804<br>Courriel : <a href=\"mailto:montreal@ehpricesolutions.ca\">montreal@ehpricesolutions.ca<\/a><\/p>\n\t\t\n<style>\n#text-3943964884 {\n  text-align: left;\n}\n<\/style>\n\t<\/div>\n\t\n<a href=\"https:\/\/ehpricesolutions.ca\/fr\/ehps-laval\/\" class=\"button primary is-outline is-small\" >\n\t\t<span>Voir les cartes de produits<\/span>\n\t<\/a>\n\n\n\n\t\t<\/div>\n\t\t\t\t\t<\/div>\n\n\t\n\n\t<div id=\"col-2061391502\" class=\"col medium-4 small-12 large-4\"  >\n\t\t\t\t<div class=\"col-inner\"  >\n\t\t\t\n\t\t\t\n\n\t<div id=\"text-2895989022\" class=\"text\">\n\t\t\n\n<h5>MONTR\u00c9AL<\/h5>\n<p>8639, chemin Dalton<br>Montr\u00e9al, Qu\u00e9bec, H4T 1V5<br>T\u00e9l. : 514.738.9865<br>Courriel : <a href=\"mailto:montreal@ehpricesolutions.ca\">montreal@ehpricesolutions.ca<br><\/a><\/p>\n\t\t\n<style>\n#text-2895989022 {\n  text-align: left;\n}\n<\/style>\n\t<\/div>\n\t\n<a href=\"https:\/\/ehpricesolutions.ca\/fr\/ehps-montreal\/\" class=\"button primary is-outline is-small\" >\n\t\t<span>Voir les cartes de produits<\/span>\n\t<\/a>\n\n\n\n\t\t<\/div>\n\t\t\t\t\t<\/div>\n\n\t\n\n\t<div id=\"col-1236593347\" class=\"col medium-4 small-12 large-4\"  >\n\t\t\t\t<div class=\"col-inner\"  >\n\t\t\t\n\t\t\t\n\n\t<div id=\"text-911481384\" class=\"text\">\n\t\t\n\n<h5>QU\u00c9BEC<\/h5>\n<p>4600, boulevard Henri-Bourassa, Suite 140<br>Qu\u00e9bec, Qu\u00e9bec, G1H 3A5<br>T\u00e9l. : 418.622.9946<br>Courriel : <a href=\"mailto:quebec@ehpricesolutions.ca\">quebec@ehpricesolutions.ca<\/a><\/p>\n\t\t\n<style>\n#text-911481384 {\n  text-align: left;\n}\n<\/style>\n\t<\/div>\n\t\n<a href=\"https:\/\/ehpricesolutions.ca\/fr\/ehps-quebec\/\" class=\"button primary is-outline is-small\" >\n\t\t<span>Voir les cartes de produits<\/span>\n\t<\/a>\n\n\n\n\t\t<\/div>\n\t\t\t\t\t<\/div>\n\n\t\n\n\t<div id=\"col-1268232723\" class=\"col medium-4 small-12 large-4\"  >\n\t\t\t\t<div class=\"col-inner\"  >\n\t\t\t\n\t\t\t\n\n\t<div id=\"text-1882088318\" class=\"text\">\n\t\t\n\n<h5>QU\u00c9BEC<\/h5>\n<p>4715, avenue des Replats, bureau 190<br>Qu\u00e9bec (Qu\u00e9bec) G2J 1B8<br>T\u00e9l. : 581.531.0770<br>Courriel : <a href=\"mailto:quebec@ehpricesolutions.ca\">quebec@ehpricesolutions.ca<\/a><\/p>\n\n\t\t\n<style>\n#text-1882088318 {\n  text-align: left;\n}\n<\/style>\n\t<\/div>\n\t\n<a href=\"https:\/\/ehpricesolutions.ca\/fr\/ehps-quebec\/\" class=\"button primary is-outline is-small\" >\n\t\t<span>Voir les cartes de produits<\/span>\n\t<\/a>\n\n\n\n\t\t<\/div>\n\t\t\t\t\t<\/div>\n\n\t\n\n<\/div>\n\n\t\t<\/div>\n\n\t\t\n<style>\n#section_1242514202 {\n  padding-top: 30px;\n  padding-bottom: 30px;\n}\n<\/style>\n\t<\/section>\n\t\n\n","protected":false},"excerpt":{"rendered":"","protected":false},"author":9,"featured_media":0,"parent":1968,"menu_order":0,"comment_status":"closed","ping_status":"closed","template":"page-blank.php","meta":{"_acf_changed":false,"_monsterinsights_skip_tracking":false,"_monsterinsights_sitenote_active":false,"_monsterinsights_sitenote_note":"","_monsterinsights_sitenote_category":0,"footnotes":""},"class_list":["post-1886","page","type-page","status-publish","hentry"],"yoast_head":"<!-- This site is optimized with the Yoast SEO plugin v27.5 - https:\/\/yoast.com\/product\/yoast-seo-wordpress\/ -->\n<title>Qu\u00e9bec - E.H. Price Solutions<\/title>\n<meta name=\"robots\" content=\"index, follow, max-snippet:-1, max-image-preview:large, max-video-preview:-1\" \/>\n<link rel=\"canonical\" href=\"https:\/\/ehpricesolutions.ca\/fr\/nos-emplacements\/quebec\/\" \/>\n<meta property=\"og:locale\" content=\"fr_FR\" \/>\n<meta property=\"og:type\" content=\"article\" \/>\n<meta property=\"og:title\" content=\"Qu\u00e9bec - E.H. Price Solutions\" \/>\n<meta property=\"og:url\" content=\"https:\/\/ehpricesolutions.ca\/fr\/nos-emplacements\/quebec\/\" \/>\n<meta property=\"og:site_name\" content=\"E.H. Price Solutions\" \/>\n<meta property=\"article:modified_time\" content=\"2026-04-14T19:58:43+00:00\" \/>\n<meta name=\"twitter:card\" content=\"summary_large_image\" \/>\n<meta name=\"twitter:label1\" content=\"Dur\u00e9e de lecture estim\u00e9e\" \/>\n\t<meta name=\"twitter:data1\" content=\"1 minute\" \/>\n<script type=\"application\/ld+json\" class=\"yoast-schema-graph\">{\"@context\":\"https:\\\/\\\/schema.org\",\"@graph\":[{\"@type\":\"WebPage\",\"@id\":\"https:\\\/\\\/ehpricesolutions.ca\\\/fr\\\/nos-emplacements\\\/quebec\\\/\",\"url\":\"https:\\\/\\\/ehpricesolutions.ca\\\/fr\\\/nos-emplacements\\\/quebec\\\/\",\"name\":\"Qu\u00e9bec - E.H. Price Solutions\",\"isPartOf\":{\"@id\":\"https:\\\/\\\/ehpricesolutions.ca\\\/fr\\\/#website\"},\"datePublished\":\"2025-08-15T18:31:54+00:00\",\"dateModified\":\"2026-04-14T19:58:43+00:00\",\"breadcrumb\":{\"@id\":\"https:\\\/\\\/ehpricesolutions.ca\\\/fr\\\/nos-emplacements\\\/quebec\\\/#breadcrumb\"},\"inLanguage\":\"fr-FR\",\"potentialAction\":[{\"@type\":\"ReadAction\",\"target\":[\"https:\\\/\\\/ehpricesolutions.ca\\\/fr\\\/nos-emplacements\\\/quebec\\\/\"]}]},{\"@type\":\"BreadcrumbList\",\"@id\":\"https:\\\/\\\/ehpricesolutions.ca\\\/fr\\\/nos-emplacements\\\/quebec\\\/#breadcrumb\",\"itemListElement\":[{\"@type\":\"ListItem\",\"position\":1,\"name\":\"Home\",\"item\":\"https:\\\/\\\/ehpricesolutions.ca\\\/fr\\\/accueil\\\/\"},{\"@type\":\"ListItem\",\"position\":2,\"name\":\"Nos emplacements\",\"item\":\"https:\\\/\\\/ehpricesolutions.ca\\\/fr\\\/nos-emplacements\\\/\"},{\"@type\":\"ListItem\",\"position\":3,\"name\":\"Qu\u00e9bec\"}]},{\"@type\":\"WebSite\",\"@id\":\"https:\\\/\\\/ehpricesolutions.ca\\\/fr\\\/#website\",\"url\":\"https:\\\/\\\/ehpricesolutions.ca\\\/fr\\\/\",\"name\":\"E.H. Price Solutions\",\"description\":\"Canadian market leader for HVAC solutions\",\"potentialAction\":[{\"@type\":\"SearchAction\",\"target\":{\"@type\":\"EntryPoint\",\"urlTemplate\":\"https:\\\/\\\/ehpricesolutions.ca\\\/fr\\\/?s={search_term_string}\"},\"query-input\":{\"@type\":\"PropertyValueSpecification\",\"valueRequired\":true,\"valueName\":\"search_term_string\"}}],\"inLanguage\":\"fr-FR\"}]}<\/script>\n<!-- \/ Yoast SEO plugin. -->","yoast_head_json":{"title":"Qu\u00e9bec - E.H. Price Solutions","robots":{"index":"index","follow":"follow","max-snippet":"max-snippet:-1","max-image-preview":"max-image-preview:large","max-video-preview":"max-video-preview:-1"},"canonical":"https:\/\/ehpricesolutions.ca\/fr\/nos-emplacements\/quebec\/","og_locale":"fr_FR","og_type":"article","og_title":"Qu\u00e9bec - E.H. Price Solutions","og_url":"https:\/\/ehpricesolutions.ca\/fr\/nos-emplacements\/quebec\/","og_site_name":"E.H. Price Solutions","article_modified_time":"2026-04-14T19:58:43+00:00","twitter_card":"summary_large_image","twitter_misc":{"Dur\u00e9e de lecture estim\u00e9e":"1 minute"},"schema":{"@context":"https:\/\/schema.org","@graph":[{"@type":"WebPage","@id":"https:\/\/ehpricesolutions.ca\/fr\/nos-emplacements\/quebec\/","url":"https:\/\/ehpricesolutions.ca\/fr\/nos-emplacements\/quebec\/","name":"Qu\u00e9bec - E.H. Price Solutions","isPartOf":{"@id":"https:\/\/ehpricesolutions.ca\/fr\/#website"},"datePublished":"2025-08-15T18:31:54+00:00","dateModified":"2026-04-14T19:58:43+00:00","breadcrumb":{"@id":"https:\/\/ehpricesolutions.ca\/fr\/nos-emplacements\/quebec\/#breadcrumb"},"inLanguage":"fr-FR","potentialAction":[{"@type":"ReadAction","target":["https:\/\/ehpricesolutions.ca\/fr\/nos-emplacements\/quebec\/"]}]},{"@type":"BreadcrumbList","@id":"https:\/\/ehpricesolutions.ca\/fr\/nos-emplacements\/quebec\/#breadcrumb","itemListElement":[{"@type":"ListItem","position":1,"name":"Home","item":"https:\/\/ehpricesolutions.ca\/fr\/accueil\/"},{"@type":"ListItem","position":2,"name":"Nos emplacements","item":"https:\/\/ehpricesolutions.ca\/fr\/nos-emplacements\/"},{"@type":"ListItem","position":3,"name":"Qu\u00e9bec"}]},{"@type":"WebSite","@id":"https:\/\/ehpricesolutions.ca\/fr\/#website","url":"https:\/\/ehpricesolutions.ca\/fr\/","name":"E.H. Price Solutions","description":"Canadian market leader for HVAC solutions","potentialAction":[{"@type":"SearchAction","target":{"@type":"EntryPoint","urlTemplate":"https:\/\/ehpricesolutions.ca\/fr\/?s={search_term_string}"},"query-input":{"@type":"PropertyValueSpecification","valueRequired":true,"valueName":"search_term_string"}}],"inLanguage":"fr-FR"}]}},"acf":[],"_links":{"self":[{"href":"https:\/\/ehpricesolutions.ca\/fr\/wp-json\/wp\/v2\/pages\/1886","targetHints":{"allow":["GET"]}}],"collection":[{"href":"https:\/\/ehpricesolutions.ca\/fr\/wp-json\/wp\/v2\/pages"}],"about":[{"href":"https:\/\/ehpricesolutions.ca\/fr\/wp-json\/wp\/v2\/types\/page"}],"author":[{"embeddable":true,"href":"https:\/\/ehpricesolutions.ca\/fr\/wp-json\/wp\/v2\/users\/9"}],"replies":[{"embeddable":true,"href":"https:\/\/ehpricesolutions.ca\/fr\/wp-json\/wp\/v2\/comments?post=1886"}],"version-history":[{"count":0,"href":"https:\/\/ehpricesolutions.ca\/fr\/wp-json\/wp\/v2\/pages\/1886\/revisions"}],"up":[{"embeddable":true,"href":"https:\/\/ehpricesolutions.ca\/fr\/wp-json\/wp\/v2\/pages\/1968"}],"wp:attachment":[{"href":"https:\/\/ehpricesolutions.ca\/fr\/wp-json\/wp\/v2\/media?parent=1886"}],"curies":[{"name":"wp","href":"https:\/\/api.w.org\/{rel}","templated":true}]}}